{"id":236,"date":"2024-08-11T12:38:26","date_gmt":"2024-08-11T10:38:26","guid":{"rendered":"https:\/\/creche-conseil.pro\/?page_id=236"},"modified":"2024-08-11T12:38:27","modified_gmt":"2024-08-11T10:38:27","slug":"bienvenue-2","status":"publish","type":"page","link":"https:\/\/creche-conseil.pro\/","title":{"rendered":"Bienvenue"},"content":{"rendered":"\n<p>Travailler avec des jeunes enfants demande de nombreuses qualit\u00e9s qui ne sont pas inn\u00e9es et <strong>chaque situation professionnelle est un nouveau d\u00e9fi qui vient bousculer nos savoirs et nos comp\u00e9tences<\/strong>.<\/p>\n\n\n\n<p>\u00catre accompagn\u00e9 est alors une n\u00e9cessit\u00e9 pour les professionnels, pour <strong>appr\u00e9hender le quotidien avec un regard neuf et \u00e9voluer avec confiance<\/strong>.<\/p>\n\n\n\n<p>Vous souhaitez<strong> faire \u00e9voluer la qualit\u00e9 d\u2019accueil <\/strong>de votre structure, proposer <strong>une mont\u00e9 en comp\u00e9tence<\/strong> \u00e0 votre \u00e9quipe, <strong>comprendre les besoins des enfants et des parents<\/strong> que vous accueillez ?<br>Consultez <a href=\"https:\/\/creche-conseil.pro\/index.php\/nos-prestations\/\">mes prestations<\/a> et <a href=\"https:\/\/creche-conseil.pro\/index.php\/contact\/\">contactez-moi<\/a> !<\/p>\n\n\n<ul class=\"wp-block-latest-posts__list alignleft wp-block-latest-posts\"><li><a class=\"wp-block-latest-posts__post-title\" href=\"https:\/\/creche-conseil.pro\/index.php\/2024\/07\/26\/quest-ce-que-lanalyse-des-pratiques-en-creche\/\">Qu\u2019est-ce que l\u2019analyse des pratiques en cr\u00e8che\u00a0?<\/a><\/li>\n<\/ul>","protected":false},"excerpt":{"rendered":"<p>Travailler avec des jeunes enfants demande de nombreuses qualit\u00e9s qui ne sont pas inn\u00e9es et chaque situation professionnelle est un nouveau d\u00e9fi qui vient bousculer nos savoirs et nos comp\u00e9tences. \u00catre accompagn\u00e9 est alors une n\u00e9cessit\u00e9 pour les professionnels, pour &hellip; <a href=\"https:\/\/creche-conseil.pro\/\">Continuer la lecture <span class=\"meta-nav\">&rarr;<\/span><\/a><\/p>\n","protected":false},"author":1,"featured_media":0,"parent":0,"menu_order":0,"comment_status":"closed","ping_status":"closed","template":"","meta":{"footnotes":""},"class_list":["post-236","page","type-page","status-publish","hentry"],"_links":{"self":[{"href":"https:\/\/creche-conseil.pro\/index.php\/wp-json\/wp\/v2\/pages\/236","targetHints":{"allow":["GET"]}}],"collection":[{"href":"https:\/\/creche-conseil.pro\/index.php\/wp-json\/wp\/v2\/pages"}],"about":[{"href":"https:\/\/creche-conseil.pro\/index.php\/wp-json\/wp\/v2\/types\/page"}],"author":[{"embeddable":true,"href":"https:\/\/creche-conseil.pro\/index.php\/wp-json\/wp\/v2\/users\/1"}],"replies":[{"embeddable":true,"href":"https:\/\/creche-conseil.pro\/index.php\/wp-json\/wp\/v2\/comments?post=236"}],"version-history":[{"count":1,"href":"https:\/\/creche-conseil.pro\/index.php\/wp-json\/wp\/v2\/pages\/236\/revisions"}],"predecessor-version":[{"id":237,"href":"https:\/\/creche-conseil.pro\/index.php\/wp-json\/wp\/v2\/pages\/236\/revisions\/237"}],"wp:attachment":[{"href":"https:\/\/creche-conseil.pro\/index.php\/wp-json\/wp\/v2\/media?parent=236"}],"curies":[{"name":"wp","href":"https:\/\/api.w.org\/{rel}","templated":true}]}}